{"id":1047,"date":"2020-01-22T16:20:20","date_gmt":"2020-01-22T15:20:20","guid":{"rendered":"https:\/\/presverts.ovh\/?page_id=1047"},"modified":"2025-09-15T16:18:46","modified_gmt":"2025-09-15T14:18:46","slug":"documents-utiles","status":"publish","type":"page","link":"https:\/\/presverts.ovh\/?page_id=1047","title":{"rendered":"Documents Utiles"},"content":{"rendered":"<table style=\"width: 100%; height: 345px; border-collapse: collapse;\">\n<tbody>\n<tr style=\"height: 270px;\">\n<td style=\"width: 20%; height: 270px;\">&nbsp;<\/p>\n<p><img loading=\"lazy\" class=\"alignnone size-medium wp-image-27506 thumb-of-pdf\" src=\"https:\/\/presverts.ovh\/wp-content\/uploads\/2025\/09\/Ephemerides-pour-l-pdf-212x300.jpg\" alt=\"thumbnail of Eph\u00e9m\u00e9rides pour l\" width=\"212\" height=\"300\" srcset=\"https:\/\/presverts.ovh\/wp-content\/uploads\/2025\/09\/Ephemerides-pour-l-pdf-212x300.jpg 212w, https:\/\/presverts.ovh\/wp-content\/uploads\/2025\/09\/Ephemerides-pour-l-pdf.jpg 724w\" sizes=\"(max-width: 212px) 100vw, 212px\" \/><\/p>\n<p style=\"text-align: center;\"><a href=\"https:\/\/presverts.ovh\/wp-content\/uploads\/2025\/09\/Ephemerides-pour-l.pdf\">Eph\u00e9m\u00e9rides 2025-2026<\/a><\/p>\n<\/td>\n<td style=\"width: 20%; height: 270px; text-align: center;\"><img loading=\"lazy\" class=\"alignnone wp-image-1483 thumb-of-pdf\" src=\"https:\/\/presverts.ovh\/wp-content\/uploads\/2020\/01\/JUSTIFICATIF-D-pdf-212x300.jpg\" alt=\"thumbnail of JUSTIFICATIF D\" width=\"98\" height=\"138\" srcset=\"https:\/\/presverts.ovh\/wp-content\/uploads\/2020\/01\/JUSTIFICATIF-D-pdf-212x300.jpg 212w, https:\/\/presverts.ovh\/wp-content\/uploads\/2020\/01\/JUSTIFICATIF-D-pdf.jpg 724w\" sizes=\"(max-width: 98px) 100vw, 98px\" \/><\/p>\n<p><a href=\"https:\/\/presverts.ovh\/wp-content\/uploads\/2020\/01\/JUSTIFICATIF-D.pdf\">Justificatif d&#8217;absence<\/a><\/td>\n<td style=\"width: 20%; height: 270px;\">&nbsp;<\/p>\n<p><img loading=\"lazy\" class=\"alignnone size-medium wp-image-27496 thumb-of-pdf\" src=\"https:\/\/presverts.ovh\/wp-content\/uploads\/2025\/08\/Feuille-de-sortie-et-adhesion-aux-projets-de-lecole-pdf-212x300.jpg\" alt=\"thumbnail of Feuille de sortie et adh\u00e9sion aux projets de l\u2019\u00e9cole\" width=\"212\" height=\"300\" srcset=\"https:\/\/presverts.ovh\/wp-content\/uploads\/2025\/08\/Feuille-de-sortie-et-adhesion-aux-projets-de-lecole-pdf-212x300.jpg 212w, https:\/\/presverts.ovh\/wp-content\/uploads\/2025\/08\/Feuille-de-sortie-et-adhesion-aux-projets-de-lecole-pdf.jpg 724w\" sizes=\"(max-width: 212px) 100vw, 212px\" \/><\/p>\n<p style=\"text-align: center;\"><a href=\"https:\/\/presverts.ovh\/wp-content\/uploads\/2025\/08\/Feuille-de-sortie-et-adhesion-aux-projets-de-lecole.pdf\">Feuille de sortie et d&#8217;adh\u00e9sion<\/a><\/p>\n<\/td>\n<td style=\"width: 20%; height: 270px;\">\n<p style=\"text-align: center;\"><img loading=\"lazy\" class=\"alignnone size-medium wp-image-5939 thumb-of-pdf\" src=\"https:\/\/presverts.ovh\/wp-content\/uploads\/2021\/05\/Fiche-daccessibilite-PDS-Mai-2021-pdf-300x212.jpg\" alt=\"thumbnail of Fiche d\u2019accessibilit\u00e9 PDS \u2013 Mai 2021\" width=\"300\" height=\"212\" srcset=\"https:\/\/presverts.ovh\/wp-content\/uploads\/2021\/05\/Fiche-daccessibilite-PDS-Mai-2021-pdf-300x212.jpg 300w, https:\/\/presverts.ovh\/wp-content\/uploads\/2021\/05\/Fiche-daccessibilite-PDS-Mai-2021-pdf-768x543.jpg 768w, https:\/\/presverts.ovh\/wp-content\/uploads\/2021\/05\/Fiche-daccessibilite-PDS-Mai-2021-pdf.jpg 1024w\" sizes=\"(max-width: 300px) 100vw, 300px\" \/><\/p>\n<p style=\"text-align: center;\"><a href=\"https:\/\/presverts.ovh\/wp-content\/uploads\/2021\/05\/Fiche-daccessibilite-PDS-Mai-2021.pdf\">Mobilit\u00e9 &#8211; Fiche d&#8217;accessibilit\u00e9<\/a><\/p>\n<p style=\"text-align: center;\">\n<\/td>\n<td style=\"width: 20%; height: 270px;\"><img loading=\"lazy\" class=\"alignnone size-medium wp-image-22111 thumb-of-pdf\" src=\"https:\/\/presverts.ovh\/wp-content\/uploads\/2024\/04\/Politique-de-protection-des-donnees-personnelles-des-personnes-exterieures-a-letablissement-pdf-212x300.jpg\" alt=\"thumbnail of Politique de protection des donn\u00e9es personnelles des personnes ext\u00e9rieures \u00e0 l\u2019\u00e9tablissement\" width=\"212\" height=\"300\" srcset=\"https:\/\/presverts.ovh\/wp-content\/uploads\/2024\/04\/Politique-de-protection-des-donnees-personnelles-des-personnes-exterieures-a-letablissement-pdf-212x300.jpg 212w, https:\/\/presverts.ovh\/wp-content\/uploads\/2024\/04\/Politique-de-protection-des-donnees-personnelles-des-personnes-exterieures-a-letablissement-pdf.jpg 724w\" sizes=\"(max-width: 212px) 100vw, 212px\" \/><\/p>\n<p style=\"text-align: center;\"><a href=\"https:\/\/presverts.ovh\/wp-content\/uploads\/2024\/04\/Politique-de-protection-des-donnees-personnelles-des-personnes-exterieures-a-letablissement.pdf\">Politique de protection des donn\u00e9es personnelles des personnes ext\u00e9rieures \u00e0 l&#8217;\u00e9tablissement<\/a><\/p>\n<\/td>\n<\/tr>\n<tr style=\"height: 25px;\">\n<td style=\"width: 20%; height: 25px;\"><\/td>\n<td style=\"width: 20%; height: 25px;\"><\/td>\n<td style=\"width: 20%; height: 25px;\"><\/td>\n<td style=\"width: 20%; height: 25px;\"><\/td>\n<td style=\"width: 20%; height: 25px;\"><\/td>\n<\/tr>\n<tr style=\"height: 25px;\">\n<td style=\"width: 20%; height: 25px;\"><\/td>\n<td style=\"width: 20%; height: 25px;\"><\/td>\n<td style=\"width: 20%; height: 25px;\"><\/td>\n<td style=\"width: 20%; height: 25px;\"><\/td>\n<td style=\"width: 20%; height: 25px;\"><\/td>\n<\/tr>\n<tr style=\"height: 25px;\">\n<td style=\"width: 20%; height: 25px;\"><\/td>\n<td style=\"width: 20%; height: 25px;\"><\/td>\n<td style=\"width: 20%; height: 25px;\"><\/td>\n<td style=\"width: 20%; height: 25px;\"><\/td>\n<td style=\"width: 20%; height: 25px;\"><\/td>\n<\/tr>\n<\/tbody>\n<\/table>\n","protected":false},"excerpt":{"rendered":"<p>&nbsp; Eph\u00e9m\u00e9rides 2025-2026 Justificatif d&#8217;absence &nbsp; Feuille de sortie et d&#8217;adh\u00e9sion Mobilit\u00e9 &#8211; Fiche d&#8217;accessibilit\u00e9 Politique de protection des donn\u00e9es personnelles des personnes ext\u00e9rieures \u00e0 l&#8217;\u00e9tablissement<\/p>\n","protected":false},"author":3,"featured_media":0,"parent":0,"menu_order":0,"comment_status":"closed","ping_status":"closed","template":"","meta":[],"_links":{"self":[{"href":"https:\/\/presverts.ovh\/index.php?rest_route=\/wp\/v2\/pages\/1047"}],"collection":[{"href":"https:\/\/presverts.ovh\/index.php?rest_route=\/wp\/v2\/pages"}],"about":[{"href":"https:\/\/presverts.ovh\/index.php?rest_route=\/wp\/v2\/types\/page"}],"author":[{"embeddable":true,"href":"https:\/\/presverts.ovh\/index.php?rest_route=\/wp\/v2\/users\/3"}],"replies":[{"embeddable":true,"href":"https:\/\/presverts.ovh\/index.php?rest_route=%2Fwp%2Fv2%2Fcomments&post=1047"}],"version-history":[{"count":27,"href":"https:\/\/presverts.ovh\/index.php?rest_route=\/wp\/v2\/pages\/1047\/revisions"}],"predecessor-version":[{"id":27507,"href":"https:\/\/presverts.ovh\/index.php?rest_route=\/wp\/v2\/pages\/1047\/revisions\/27507"}],"wp:attachment":[{"href":"https:\/\/presverts.ovh\/index.php?rest_route=%2Fwp%2Fv2%2Fmedia&parent=1047"}],"curies":[{"name":"wp","href":"https:\/\/api.w.org\/{rel}","templated":true}]}}