{"id":1085,"date":"2020-01-22T17:58:04","date_gmt":"2020-01-22T16:58:04","guid":{"rendered":"https:\/\/presverts.ovh\/?page_id=1085"},"modified":"2020-01-26T22:22:00","modified_gmt":"2020-01-26T21:22:00","slug":"bonnes-idees","status":"publish","type":"page","link":"https:\/\/presverts.ovh\/?page_id=1085","title":{"rendered":"Bonnes id\u00e9es"},"content":{"rendered":"<p><span style=\"font-family: georgia,palatino,serif;\"><span style=\"text-align: left; color: #333333; text-transform: none; text-indent: 0px; letter-spacing: normal; font-size: 16px; font-style: normal; font-variant: normal; font-weight: 400; text-decoration: none; word-spacing: 0px; display: inline !important; white-space: normal; cursor: text; orphans: 2; float: none; -webkit-text-stroke-width: 0px; background-color: #ffffff;\">\u2663<\/span> <a href=\"https:\/\/presverts.ovh\/?p=1528\">Vid\u00e9os citoyennes pour combattre le harc\u00e8lement \u00e0 l&#8217;\u00e9cole<\/a><\/span><\/p>\n<p><span style=\"font-family: georgia,palatino,serif;\">\u2663 <a href=\"https:\/\/presverts.ovh\/?p=719\">Comment soigner mon cerveau ?<\/a><\/span><\/p>\n<p>\u2663 <a href=\"https:\/\/presverts.ovh\/wp-content\/uploads\/2020\/01\/10-trucs-faciles-pour-arriver-en-forme-\u00e0-l\u00e9cole.pdf\"><span style=\"font-family: georgia,palatino,serif;\">10 trucs faciles pour arriver en forme \u00e0 l&#8217;\u00e9cole<\/span><\/a><\/p>\n<p>&nbsp;<\/p>\n","protected":false},"excerpt":{"rendered":"<p>\u2663 Vid\u00e9os citoyennes pour combattre le harc\u00e8lement \u00e0 l&#8217;\u00e9cole \u2663 Comment soigner mon cerveau ? \u2663 10 trucs faciles pour arriver en forme \u00e0 l&#8217;\u00e9cole &nbsp;<\/p>\n","protected":false},"author":3,"featured_media":0,"parent":0,"menu_order":0,"comment_status":"closed","ping_status":"closed","template":"","meta":[],"_links":{"self":[{"href":"https:\/\/presverts.ovh\/index.php?rest_route=\/wp\/v2\/pages\/1085"}],"collection":[{"href":"https:\/\/presverts.ovh\/index.php?rest_route=\/wp\/v2\/pages"}],"about":[{"href":"https:\/\/presverts.ovh\/index.php?rest_route=\/wp\/v2\/types\/page"}],"author":[{"embeddable":true,"href":"https:\/\/presverts.ovh\/index.php?rest_route=\/wp\/v2\/users\/3"}],"replies":[{"embeddable":true,"href":"https:\/\/presverts.ovh\/index.php?rest_route=%2Fwp%2Fv2%2Fcomments&post=1085"}],"version-history":[{"count":8,"href":"https:\/\/presverts.ovh\/index.php?rest_route=\/wp\/v2\/pages\/1085\/revisions"}],"predecessor-version":[{"id":2289,"href":"https:\/\/presverts.ovh\/index.php?rest_route=\/wp\/v2\/pages\/1085\/revisions\/2289"}],"wp:attachment":[{"href":"https:\/\/presverts.ovh\/index.php?rest_route=%2Fwp%2Fv2%2Fmedia&parent=1085"}],"curies":[{"name":"wp","href":"https:\/\/api.w.org\/{rel}","templated":true}]}}