{"id":1127,"date":"2020-01-22T19:50:52","date_gmt":"2020-01-22T18:50:52","guid":{"rendered":"https:\/\/presverts.ovh\/?page_id=1127"},"modified":"2020-01-25T11:36:27","modified_gmt":"2020-01-25T10:36:27","slug":"1127-2","status":"publish","type":"page","link":"https:\/\/presverts.ovh\/?page_id=1127","title":{"rendered":""},"content":{"rendered":"<p>&nbsp;<\/p>\n<table border=\"1\" width=\"100%\" cellspacing=\"1\" cellpadding=\"1\">\n<tbody>\n<tr>\n<td>\n<div align=\"center\"><span style=\"color: #339966; font-family: georgia,palatino,serif; font-size: 14pt;\"><strong>Le patinage sur glace<\/strong><\/span><\/div>\n<\/td>\n<\/tr>\n<\/tbody>\n<\/table>\n<p><span style=\"font-family: georgia,palatino,serif;\">Le <strong>patinage sur glace<\/strong> est un sport tr\u00e8s appr\u00e9ci\u00e9 des enfants.<\/span><\/p>\n<p><span style=\"font-family: georgia,palatino,serif;\">Il se traduit par l\u2019action de se d\u00e9placer en glissant \u00e0 l\u2019aide de patins \u00e0 glace sur une surface adapt\u00e9e.<\/span><\/p>\n<p>&nbsp;<\/p>\n<p><span style=\"font-family: georgia,palatino,serif;\"><strong>\u2663<\/strong><strong> <u>Les bienfaits sont nombreux<\/u> <\/strong><\/span><\/p>\n<p><span style=\"font-family: georgia,palatino,serif;\">Le patinage sur glace d\u00e9veloppe l\u2019\u00e9quilibre, les r\u00e9flexes et la coordination motrice.<\/span><\/p>\n<p><span style=\"font-family: georgia,palatino,serif;\">Cette discipline favorise le contr\u00f4le postural chez les enfants tout en contribuant au renforcement du syst\u00e8me osseux et musculaire.<\/span><br \/>\n<span style=\"font-family: georgia,palatino,serif;\">Ce sport demande de la concentration et de l\u2019autodiscipline.<\/span><\/p>\n<p><span style=\"font-family: georgia,palatino,serif;\">Il permet de diminuer le stress en gagnant confiance en soi<\/span><\/p>\n<p><span style=\"font-family: georgia,palatino,serif;\">Le patinage est un sport d\u2019endurance, il agit positivement sur la fonction respiratoire et cardiovasculaire. Il entra\u00eene une d\u00e9pense \u00e9nerg\u00e9tique importante.<\/span><\/p>\n<p><span style=\"font-family: georgia,palatino,serif;\">Le patineur gagne en souplesse, en r\u00e9flexes et en agilit\u00e9 sans oublier le plaisir partag\u00e9 de patiner en collectivit\u00e9.<\/span><\/p>\n<p>&nbsp;<\/p>\n<p><span style=\"font-family: georgia,palatino,serif;\"><strong>Proposant du sport compl\u00e9mentaire \u00e0 l\u2019\u00e9cole, les \u00e9l\u00e8ves se rendent \u00e0 la patinoire de Liedekerke pour d\u00e9couvrir cette discipline.<\/strong><\/span><\/p>\n","protected":false},"excerpt":{"rendered":"<p>&nbsp; Le patinage sur glace Le patinage sur glace est un sport tr\u00e8s appr\u00e9ci\u00e9 des enfants. Il se traduit par l\u2019action de se d\u00e9placer en glissant \u00e0 l\u2019aide de patins \u00e0 glace sur une surface adapt\u00e9e. &nbsp; \u2663 Les bienfaits sont nombreux Le patinage sur glace d\u00e9veloppe l\u2019\u00e9quilibre, les r\u00e9flexes et la coordination motrice. Cette &hellip; <\/p>\n<p class=\"link-more\"><a href=\"https:\/\/presverts.ovh\/?page_id=1127\" class=\"more-link\">Continuer la lecture<span class=\"screen-reader-text\"> de &laquo;&nbsp;&nbsp;&raquo;<\/span><\/a><\/p>\n","protected":false},"author":3,"featured_media":0,"parent":0,"menu_order":0,"comment_status":"closed","ping_status":"closed","template":"","meta":[],"_links":{"self":[{"href":"https:\/\/presverts.ovh\/index.php?rest_route=\/wp\/v2\/pages\/1127"}],"collection":[{"href":"https:\/\/presverts.ovh\/index.php?rest_route=\/wp\/v2\/pages"}],"about":[{"href":"https:\/\/presverts.ovh\/index.php?rest_route=\/wp\/v2\/types\/page"}],"author":[{"embeddable":true,"href":"https:\/\/presverts.ovh\/index.php?rest_route=\/wp\/v2\/users\/3"}],"replies":[{"embeddable":true,"href":"https:\/\/presverts.ovh\/index.php?rest_route=%2Fwp%2Fv2%2Fcomments&post=1127"}],"version-history":[{"count":3,"href":"https:\/\/presverts.ovh\/index.php?rest_route=\/wp\/v2\/pages\/1127\/revisions"}],"predecessor-version":[{"id":1517,"href":"https:\/\/presverts.ovh\/index.php?rest_route=\/wp\/v2\/pages\/1127\/revisions\/1517"}],"wp:attachment":[{"href":"https:\/\/presverts.ovh\/index.php?rest_route=%2Fwp%2Fv2%2Fmedia&parent=1127"}],"curies":[{"name":"wp","href":"https:\/\/api.w.org\/{rel}","templated":true}]}}