{"id":13209,"date":"2022-10-11T18:22:53","date_gmt":"2022-10-11T16:22:53","guid":{"rendered":"https:\/\/presverts.ovh\/?page_id=13209"},"modified":"2024-11-30T14:37:06","modified_gmt":"2024-11-30T13:37:06","slug":"13209-2","status":"publish","type":"page","link":"https:\/\/presverts.ovh\/?page_id=13209","title":{"rendered":""},"content":{"rendered":"<table border=\"1\" width=\"100%\" cellspacing=\"1\" cellpadding=\"1\">\n<tbody>\n<tr>\n<td>\n<div align=\"center\"><span style=\"color: #339966; font-family: georgia,palatino,serif; font-size: 14pt;\"><strong>L&#8217;\u00e9ducation physique<\/strong><\/span><\/div>\n<\/td>\n<\/tr>\n<\/tbody>\n<\/table>\n<p>Le cours d\u2019\u00e9ducation physique \u00e0 l\u2019\u00e9cole regroupe plusieurs disciplines sportives. Les objectifs en \u00e9ducation physique sont les suivants :<\/p>\n<p>1\u00e8re et 2\u00e8me ann\u00e9e : acquisition des notions fondamentales de psychomotricit\u00e9 par le respect des consignes. Nous renfor\u00e7ons le sch\u00e9ma corporel, la connaissance qu\u2019\u00e0 l\u2019enfant de son propre corps souvent par le jeu et aussi par la diversit\u00e9 des activit\u00e9s propos\u00e9es. Nous visons l&#8217;acquisition des bases de la manipulation d\u2019objets sp\u00e9cifiques, du vocabulaire cibl\u00e9 par sport, de l\u2019espace et de l\u2019orientation spatiale. Nous proposons des d\u00e9couvertes des capacit\u00e9s et qualit\u00e9s physiques (endurance, force, souplesse, &#8230;). Nous visons l&#8217;int\u00e9gration des r\u00e8gles, des consignes et de l&#8217;organisation des diff\u00e9rents sports sp\u00e9cifiques.<\/p>\n<p>De la 3\u00e8me \u00e0 la 6\u00e8me ann\u00e9e : apprentissage d\u2019un maximum de techniques sportives diff\u00e9rentes pour que l\u2019enfant puisse acqu\u00e9rir un sch\u00e9ma corporel complet. L\u2019objectif de fin de 6\u00e8me est que les enfants aient appris \u00e0 aimer le sport, \u00e0 en respecter toutes les r\u00e8gles relatives \u00e0 l\u2019esprit sportif, et qu\u2019ils aient eu l\u2019occasion de toucher \u00e0 un maximum de sports pour pouvoir petit \u00e0 petit trouver leur propre chemin sportif.<\/p>\n<p>L\u2019acc\u00e8s aux comp\u00e9titions sportives inter-\u00e9coles permet d\u2019\u00e9tablir un lien entre le cours d\u2019\u00e9ducation physique et le projet p\u00e9dagogique.<\/p>\n<p>&nbsp;<\/p>\n<p>&nbsp;<\/p>\n","protected":false},"excerpt":{"rendered":"<p>L&#8217;\u00e9ducation physique Le cours d\u2019\u00e9ducation physique \u00e0 l\u2019\u00e9cole regroupe plusieurs disciplines sportives. Les objectifs en \u00e9ducation physique sont les suivants : 1\u00e8re et 2\u00e8me ann\u00e9e : acquisition des notions fondamentales de psychomotricit\u00e9 par le respect des consignes. Nous renfor\u00e7ons le sch\u00e9ma corporel, la connaissance qu\u2019\u00e0 l\u2019enfant de son propre corps souvent par le jeu et &hellip; <\/p>\n<p class=\"link-more\"><a href=\"https:\/\/presverts.ovh\/?page_id=13209\" class=\"more-link\">Continuer la lecture<span class=\"screen-reader-text\"> de &laquo;&nbsp;&nbsp;&raquo;<\/span><\/a><\/p>\n","protected":false},"author":3,"featured_media":0,"parent":0,"menu_order":0,"comment_status":"closed","ping_status":"closed","template":"","meta":[],"_links":{"self":[{"href":"https:\/\/presverts.ovh\/index.php?rest_route=\/wp\/v2\/pages\/13209"}],"collection":[{"href":"https:\/\/presverts.ovh\/index.php?rest_route=\/wp\/v2\/pages"}],"about":[{"href":"https:\/\/presverts.ovh\/index.php?rest_route=\/wp\/v2\/types\/page"}],"author":[{"embeddable":true,"href":"https:\/\/presverts.ovh\/index.php?rest_route=\/wp\/v2\/users\/3"}],"replies":[{"embeddable":true,"href":"https:\/\/presverts.ovh\/index.php?rest_route=%2Fwp%2Fv2%2Fcomments&post=13209"}],"version-history":[{"count":3,"href":"https:\/\/presverts.ovh\/index.php?rest_route=\/wp\/v2\/pages\/13209\/revisions"}],"predecessor-version":[{"id":13875,"href":"https:\/\/presverts.ovh\/index.php?rest_route=\/wp\/v2\/pages\/13209\/revisions\/13875"}],"wp:attachment":[{"href":"https:\/\/presverts.ovh\/index.php?rest_route=%2Fwp%2Fv2%2Fmedia&parent=13209"}],"curies":[{"name":"wp","href":"https:\/\/api.w.org\/{rel}","templated":true}]}}