{"id":146,"date":"2019-10-18T09:18:40","date_gmt":"2019-10-18T07:18:40","guid":{"rendered":"http:\/\/presverts.ovh\/?page_id=146"},"modified":"2025-11-13T10:41:14","modified_gmt":"2025-11-13T09:41:14","slug":"profs","status":"publish","type":"page","link":"https:\/\/presverts.ovh\/?page_id=146","title":{"rendered":"Notre \u00e9quipe"},"content":{"rendered":"<table style=\"width: 100%; height: 25px;\" border=\"1\" width=\"100%\" cellspacing=\"1\" cellpadding=\"1\">\n<tbody>\n<tr style=\"height: 25px;\">\n<td style=\"width: 100%; height: 25px;\">\n<div style=\"text-align: center;\" align=\"center\"><span style=\"color: #339966; font-family: georgia,palatino,serif; font-size: 14pt;\"><strong>L&#8217;\u00e9quipe \u00e9ducative 2025-2026<\/strong><\/span><\/div>\n<\/td>\n<\/tr>\n<\/tbody>\n<\/table>\n<p>Le Pr\u00e9sident du Pouvoir Organisateur\u00a0: Mr De Roover Bernard<\/p>\n<p>La directrice\u00a0: Mme Beerens Laurence<\/p>\n<p>Secr\u00e9tariat : Mme Charlier Aur\u00e9lie<\/p>\n<p><strong><u>Les enseignant(e)s titulaires<\/u><\/strong><strong>\u00a0:\u00a0\u00a0\u00a0\u00a0\u00a0 <\/strong><\/p>\n<p>* Classe d\u2019accueil\u00a0: Mme Beno\u00eet Anouck<\/p>\n<p>* Classe de 1<sup>\u00e8re<\/sup> maternelle\u00a0: Mme Hanquet Nathalie<\/p>\n<p>* Classe de 2<sup>\u00e8me<\/sup> maternelle : Mme Colin M\u00e9gane<\/p>\n<p>* Classe de 3<sup>\u00e8me<\/sup> \u00a0maternelle : Mme Vercruysse Aur\u00e9lie<\/p>\n<p>* Classe de 1<sup>\u00e8re<\/sup> primaire\u00a0: Mme Gruttadauria Charlotte<\/p>\n<p>* Classe de 2<sup>\u00e8me<\/sup> primaire : Mme Rossi Sarah &amp; Mme Delvaux Nathalie<\/p>\n<p>* Classe de 3<sup>\u00e8me<\/sup>\u00a0 primaire : Mme Garrez Chlo\u00e9<\/p>\n<p>* Classe de 4<sup>\u00e8me<\/sup>\u00a0 primaire : Mme Halleux Virginie &amp; Mme Delcroix Isia<\/p>\n<p>* Classe de 5<sup>\u00e8me<\/sup>\u00a0 primaire\u00a0: Mme Parra Campo Paloma<\/p>\n<p>* Classe de 6<sup>\u00e8me<\/sup>\u00a0 primaire\u00a0: Mme De Groote Florence<\/p>\n<p><strong><u>Les enseignant(e)s polyvalent(e)s<\/u><\/strong><strong>\u00a0:<\/strong><\/p>\n<p>Mme Delvaux Nathalie, Mme Gon\u00e7alves Julie, Mme Delcroix Isia, Mme Lambinet Nathalie &amp; Mme Herphelin Cassandra<\/p>\n<p><strong><u>Les ma\u00eetres sp\u00e9ciaux<\/u><\/strong><strong>\u00a0:<\/strong><\/p>\n<p>* N\u00e9erlandais\u00a0: Mme Gon\u00e7alves Julie<\/p>\n<p>* Psychomotricit\u00e9\u00a0: Mme Gosselin Aliz\u00e9e<\/p>\n<p>* Education Physique : Mr Malherbe Didier, Mr Nelen S\u00e9bastien &amp; Mme Gosselin\u00a0 Aliz\u00e9e<\/p>\n<p>* Pu\u00e9ricultrice\u00a0: Mme Stinuit Margaux<\/p>\n<p><strong><u>Autres partenaires de l\u2019\u00e9quipe<\/u><\/strong><strong>\u00a0:<\/strong><\/p>\n<p>* Les membres du PMS : Mmes Zwaenepoel C\u00e9cile &amp; Lusson Alexandra<\/p>\n<p>* Les logop\u00e8des\u00a0: Mmes Dutour Marion &amp; Glushakova Kristina<\/p>\n<p>* Le personnel de surveillance : Mmes Dominique, Naima et Sevda, Mrs Alain &amp; Ronnie<\/p>\n<p>&nbsp;<\/p>\n","protected":false},"excerpt":{"rendered":"<p>L&#8217;\u00e9quipe \u00e9ducative 2025-2026 Le Pr\u00e9sident du Pouvoir Organisateur\u00a0: Mr De Roover Bernard La directrice\u00a0: Mme Beerens Laurence Secr\u00e9tariat : Mme Charlier Aur\u00e9lie Les enseignant(e)s titulaires\u00a0:\u00a0\u00a0\u00a0\u00a0\u00a0 * Classe d\u2019accueil\u00a0: Mme Beno\u00eet Anouck * Classe de 1\u00e8re maternelle\u00a0: Mme Hanquet Nathalie * Classe de 2\u00e8me maternelle : Mme Colin M\u00e9gane * Classe de 3\u00e8me \u00a0maternelle : Mme &hellip; <\/p>\n<p class=\"link-more\"><a href=\"https:\/\/presverts.ovh\/?page_id=146\" class=\"more-link\">Continuer la lecture<span class=\"screen-reader-text\"> de &laquo;&nbsp;Notre \u00e9quipe&nbsp;&raquo;<\/span><\/a><\/p>\n","protected":false},"author":3,"featured_media":0,"parent":0,"menu_order":0,"comment_status":"closed","ping_status":"closed","template":"","meta":[],"_links":{"self":[{"href":"https:\/\/presverts.ovh\/index.php?rest_route=\/wp\/v2\/pages\/146"}],"collection":[{"href":"https:\/\/presverts.ovh\/index.php?rest_route=\/wp\/v2\/pages"}],"about":[{"href":"https:\/\/presverts.ovh\/index.php?rest_route=\/wp\/v2\/types\/page"}],"author":[{"embeddable":true,"href":"https:\/\/presverts.ovh\/index.php?rest_route=\/wp\/v2\/users\/3"}],"replies":[{"embeddable":true,"href":"https:\/\/presverts.ovh\/index.php?rest_route=%2Fwp%2Fv2%2Fcomments&post=146"}],"version-history":[{"count":57,"href":"https:\/\/presverts.ovh\/index.php?rest_route=\/wp\/v2\/pages\/146\/revisions"}],"predecessor-version":[{"id":28093,"href":"https:\/\/presverts.ovh\/index.php?rest_route=\/wp\/v2\/pages\/146\/revisions\/28093"}],"wp:attachment":[{"href":"https:\/\/presverts.ovh\/index.php?rest_route=%2Fwp%2Fv2%2Fmedia&parent=146"}],"curies":[{"name":"wp","href":"https:\/\/api.w.org\/{rel}","templated":true}]}}