{"id":1518,"date":"2020-01-25T11:42:27","date_gmt":"2020-01-25T10:42:27","guid":{"rendered":"https:\/\/presverts.ovh\/?page_id=1518"},"modified":"2023-08-13T16:14:17","modified_gmt":"2023-08-13T14:14:17","slug":"1518-2","status":"publish","type":"page","link":"https:\/\/presverts.ovh\/?page_id=1518","title":{"rendered":""},"content":{"rendered":"<table style=\"width: 100%; height: 25px;\" border=\"1\" width=\"100%\" cellspacing=\"1\" cellpadding=\"1\">\n<tbody>\n<tr style=\"height: 25px;\">\n<td style=\"width: 100%; height: 25px;\">\n<div style=\"text-align: center;\" align=\"center\"><span style=\"color: #339966; font-family: georgia,palatino,serif; font-size: 14pt;\"><strong>Garderie<\/strong><\/span><\/div>\n<\/td>\n<\/tr>\n<\/tbody>\n<\/table>\n<p style=\"text-align: left;\"><span style=\"font-family: georgia,palatino,serif;\">La garderie de notre \u00e9cole accueille vos enfants tous les matins de 7h30 \u00e0 8h00.<\/span><\/p>\n<p><span style=\"font-family: georgia,palatino,serif;\">\u00a0<span style=\"text-decoration: underline;\"><em>En fin de journ\u00e9e<\/em> <\/span>: <\/span><\/p>\n<ul>\n<li><span style=\"font-family: georgia,palatino,serif;\">De 15h40 \u00e0 18h00 le lundi, mardi et jeudi<\/span><\/li>\n<li><span style=\"font-family: georgia,palatino,serif;\">De 12h30 \u00e0 18h00 le mercredi<\/span><\/li>\n<li><span style=\"font-family: georgia,palatino,serif;\">De 14h35 \u00e0 18h00 le vendredi<\/span><\/li>\n<\/ul>\n<p style=\"text-align: left;\"><span style=\"font-family: georgia,palatino,serif;\">Les pr\u00e9sences de la garderie sont prises quotidiennement et fonctionnent avec un syst\u00e8me de cartes pour le matin et le soir.<\/span><\/p>\n<p style=\"text-align: left;\"><span style=\"font-family: georgia,palatino,serif;\">Vous trouverez l&#8217;explication de ce fonctionnement ci-dessous.<\/span><\/p>\n<p><img loading=\"lazy\" class=\"alignnone size-medium wp-image-16894 thumb-of-pdf\" src=\"https:\/\/presverts.ovh\/wp-content\/uploads\/2023\/08\/Lettre-explicative-cartes-garderies-1-pdf-212x300.jpg\" alt=\"thumbnail of Lettre explicative cartes garderies\" width=\"212\" height=\"300\" srcset=\"https:\/\/presverts.ovh\/wp-content\/uploads\/2023\/08\/Lettre-explicative-cartes-garderies-1-pdf-212x300.jpg 212w, https:\/\/presverts.ovh\/wp-content\/uploads\/2023\/08\/Lettre-explicative-cartes-garderies-1-pdf.jpg 724w\" sizes=\"(max-width: 212px) 100vw, 212px\" \/><\/p>\n<p><a href=\"https:\/\/presverts.ovh\/wp-content\/uploads\/2023\/08\/Lettre-explicative-cartes-garderies-1.pdf\">https:\/\/presverts.ovh\/wp-content\/uploads\/2023\/08\/Lettre-explicative-cartes-garderies-1.pdf<\/a><\/p>\n","protected":false},"excerpt":{"rendered":"<p>Garderie La garderie de notre \u00e9cole accueille vos enfants tous les matins de 7h30 \u00e0 8h00. \u00a0En fin de journ\u00e9e : De 15h40 \u00e0 18h00 le lundi, mardi et jeudi De 12h30 \u00e0 18h00 le mercredi De 14h35 \u00e0 18h00 le vendredi Les pr\u00e9sences de la garderie sont prises quotidiennement et fonctionnent avec un syst\u00e8me &hellip; <\/p>\n<p class=\"link-more\"><a href=\"https:\/\/presverts.ovh\/?page_id=1518\" class=\"more-link\">Continuer la lecture<span class=\"screen-reader-text\"> de &laquo;&nbsp;&nbsp;&raquo;<\/span><\/a><\/p>\n","protected":false},"author":3,"featured_media":0,"parent":0,"menu_order":0,"comment_status":"closed","ping_status":"closed","template":"","meta":[],"_links":{"self":[{"href":"https:\/\/presverts.ovh\/index.php?rest_route=\/wp\/v2\/pages\/1518"}],"collection":[{"href":"https:\/\/presverts.ovh\/index.php?rest_route=\/wp\/v2\/pages"}],"about":[{"href":"https:\/\/presverts.ovh\/index.php?rest_route=\/wp\/v2\/types\/page"}],"author":[{"embeddable":true,"href":"https:\/\/presverts.ovh\/index.php?rest_route=\/wp\/v2\/users\/3"}],"replies":[{"embeddable":true,"href":"https:\/\/presverts.ovh\/index.php?rest_route=%2Fwp%2Fv2%2Fcomments&post=1518"}],"version-history":[{"count":6,"href":"https:\/\/presverts.ovh\/index.php?rest_route=\/wp\/v2\/pages\/1518\/revisions"}],"predecessor-version":[{"id":16895,"href":"https:\/\/presverts.ovh\/index.php?rest_route=\/wp\/v2\/pages\/1518\/revisions\/16895"}],"wp:attachment":[{"href":"https:\/\/presverts.ovh\/index.php?rest_route=%2Fwp%2Fv2%2Fmedia&parent=1518"}],"curies":[{"name":"wp","href":"https:\/\/api.w.org\/{rel}","templated":true}]}}