{"id":25595,"date":"2024-08-18T15:46:48","date_gmt":"2024-08-18T13:46:48","guid":{"rendered":"https:\/\/presverts.ovh\/?page_id=25595"},"modified":"2025-08-29T18:07:37","modified_gmt":"2025-08-29T16:07:37","slug":"25595-2","status":"publish","type":"page","link":"https:\/\/presverts.ovh\/?page_id=25595","title":{"rendered":""},"content":{"rendered":"<table style=\"width: 100%; height: 25px;\" border=\"1\" width=\"100%\" cellspacing=\"1\" cellpadding=\"1\">\n<tbody>\n<tr style=\"height: 25px;\">\n<td style=\"width: 100%; height: 25px;\">\n<div style=\"text-align: center;\" align=\"center\"><span style=\"color: #339966; font-family: georgia,palatino,serif; font-size: 14pt;\"><strong>L&#8217;\u00e9tude<\/strong><\/span><\/div>\n<\/td>\n<\/tr>\n<\/tbody>\n<\/table>\n<p>C\u2019est un moment de silence, de calme pendant lequel l\u2019enfant effectue les travaux demand\u00e9s par son enseignant. Une ambiance de respect lui permet d\u2019\u00eatre plus concentr\u00e9.<\/p>\n<p>L\u2019enseignant en charge de l\u2019\u00e9tude r\u00e9explique les consignes, si c\u2019est n\u00e9cessaire, mais ce n\u2019est en aucun cas un cours priv\u00e9, ni un cours de rem\u00e9diation.<\/p>\n<p>Parfois, l\u2019enfant revient \u00e0 la maison avec du travail parce qu\u2019il n\u2019a pas termin\u00e9 en classe, qu\u2019il doit encore terminer ou relire certaines le\u00e7ons.<\/p>\n<p>Ce temps d\u2019\u00e9tude ne d\u00e9douane pas les parents de v\u00e9rifier le journal de classe, en le signant tous les jours ainsi que les travaux, tout en s\u2019int\u00e9ressant \u00e0 la journ\u00e9e de leur enfant et en l&#8217;accompagnant selon le besoin pour terminer ses devoirs ou ses le\u00e7ons.<\/p>\n","protected":false},"excerpt":{"rendered":"<p>L&#8217;\u00e9tude C\u2019est un moment de silence, de calme pendant lequel l\u2019enfant effectue les travaux demand\u00e9s par son enseignant. Une ambiance de respect lui permet d\u2019\u00eatre plus concentr\u00e9. L\u2019enseignant en charge de l\u2019\u00e9tude r\u00e9explique les consignes, si c\u2019est n\u00e9cessaire, mais ce n\u2019est en aucun cas un cours priv\u00e9, ni un cours de rem\u00e9diation. Parfois, l\u2019enfant revient &hellip; <\/p>\n<p class=\"link-more\"><a href=\"https:\/\/presverts.ovh\/?page_id=25595\" class=\"more-link\">Continuer la lecture<span class=\"screen-reader-text\"> de &laquo;&nbsp;&nbsp;&raquo;<\/span><\/a><\/p>\n","protected":false},"author":3,"featured_media":0,"parent":0,"menu_order":0,"comment_status":"closed","ping_status":"closed","template":"","meta":[],"_links":{"self":[{"href":"https:\/\/presverts.ovh\/index.php?rest_route=\/wp\/v2\/pages\/25595"}],"collection":[{"href":"https:\/\/presverts.ovh\/index.php?rest_route=\/wp\/v2\/pages"}],"about":[{"href":"https:\/\/presverts.ovh\/index.php?rest_route=\/wp\/v2\/types\/page"}],"author":[{"embeddable":true,"href":"https:\/\/presverts.ovh\/index.php?rest_route=\/wp\/v2\/users\/3"}],"replies":[{"embeddable":true,"href":"https:\/\/presverts.ovh\/index.php?rest_route=%2Fwp%2Fv2%2Fcomments&post=25595"}],"version-history":[{"count":4,"href":"https:\/\/presverts.ovh\/index.php?rest_route=\/wp\/v2\/pages\/25595\/revisions"}],"predecessor-version":[{"id":27504,"href":"https:\/\/presverts.ovh\/index.php?rest_route=\/wp\/v2\/pages\/25595\/revisions\/27504"}],"wp:attachment":[{"href":"https:\/\/presverts.ovh\/index.php?rest_route=%2Fwp%2Fv2%2Fmedia&parent=25595"}],"curies":[{"name":"wp","href":"https:\/\/api.w.org\/{rel}","templated":true}]}}