{"id":3383,"date":"2020-09-02T12:01:40","date_gmt":"2020-09-02T10:01:40","guid":{"rendered":"https:\/\/presverts.ovh\/?page_id=3383"},"modified":"2025-08-04T19:39:14","modified_gmt":"2025-08-04T17:39:14","slug":"contacts","status":"publish","type":"page","link":"https:\/\/presverts.ovh\/?page_id=3383","title":{"rendered":"Contact"},"content":{"rendered":"<table border=\"\\&quot;1\\&quot;\" width=\"\\&quot;100%\\&quot;\" cellspacing=\"\\&quot;1\\&quot;\" cellpadding=\"\\&quot;1\\&quot;\">\n<tbody>\n<tr>\n<td>\n<div style=\"text-align: center;\" align=\"\\&quot;center\\&quot;\"><strong>Qui sommes-nous ?<\/strong><\/div>\n<\/td>\n<\/tr>\n<\/tbody>\n<\/table>\n<p style=\"text-align: center;\">L\u2019\u00e9cole fondamentale Les Pr\u00e9s Verts est organis\u00e9e par l\u2019A.S.B.L Comit\u00e9 Scolaire Notre-Dame de Lourdes dont le si\u00e8ge est situ\u00e9 Rue L\u00e9opold Ier 362 \u00e0 1090 Jette. Il s\u2019agit d\u2019une \u00e9cole familiale et fondamentale, elle se compose d\u2019une section maternelle et d\u2019une section primaire. Depuis septembre 2022, notre \u00e9cole est devenue une \u00e9cole citoyenne.<\/p>\n<table border=\"\\&quot;1\\&quot;\" width=\"\\&quot;100%\\&quot;\" cellspacing=\"\\&quot;1\\&quot;\" cellpadding=\"\\&quot;1\\&quot;\">\n<tbody>\n<tr>\n<td>\n<div style=\"text-align: center;\" align=\"\\&quot;center\\&quot;\"><strong>Contact avec l&#8217;\u00e9cole<\/strong><\/div>\n<\/td>\n<\/tr>\n<\/tbody>\n<\/table>\n<p><strong>\u2666 Ecole Les Pr\u00e9s Verts<\/strong><\/p>\n<p>Adresse : Chemin des Moutons 1 &amp; 2, 1090 Jette<\/p>\n<p>T\u00e9l\u00e9phone : 02\/478.28.38<\/p>\n<p>Mail : direction@presverts.be<\/p>\n<p>A l&#8217;exception du lundi et du jeudi o\u00f9 la secr\u00e9taire est pr\u00e9sente, les autres jours, il n\u2019y a personne \u00e0 part la direction au bureau. Vous comprendrez d\u00e8s lors que lorsqu\u2019il y a r\u00e9union, conseil de classe, visite de classe, un rendez-vous avec un parent ou une personne ext\u00e9rieure, etc\u2026il ne sera pas toujours facile d\u2019avoir une r\u00e9ponse \u00e0 un appel t\u00e9l\u00e9phonique.<\/p>\n<p>Nous vous demandons de ne pas laisser de message, car nous ne pouvons garantir une bonne \u00e9coute en temps et en heure. <u>Insistez jusqu\u2019\u00e0 atteindre quelqu\u2019un<\/u>. Merci de votre compr\u00e9hension.<\/p>\n<p><strong><u>Si au bout de plusieurs tentatives au num\u00e9ro 02\/478.28.38 et<\/u><\/strong><u> <strong>uniquement en cas d\u2019urgence<\/strong><\/u>, voici le num\u00e9ro de GSM de la direction\u00a0: 0478\/96.90.64 \u00a0N\u2019h\u00e9sitez pas \u00e0 laisser un message, vous serez recontact\u00e9s<\/p>\n<table border=\"\\&quot;1\\&quot;\" width=\"\\&quot;100%\\&quot;\" cellspacing=\"\\&quot;1\\&quot;\" cellpadding=\"\\&quot;1\\&quot;\">\n<tbody>\n<tr>\n<td>\n<div style=\"text-align: center;\" align=\"\\&quot;center\\&quot;\"><strong>Contact avec les partenaires<\/strong><\/div>\n<\/td>\n<\/tr>\n<\/tbody>\n<\/table>\n<p style=\"text-align: left;\">Voici les adresses et coordonn\u00e9es de nos partenaires<\/p>\n<p>\u2666 <strong>Centre de sant\u00e9 : <\/strong><strong>Service PSE libre de Jette<\/strong><\/p>\n<p>Adresse du PSE : Place cardinal Mercier 2,\u00a0 1090 Bruxelles<\/p>\n<p>T\u00e9l\u00e9phone : 02\/426.89.79<\/p>\n<p><strong>\u2666 Centre PMS Libre de Bruxelles Nord\u00a0<\/strong><\/p>\n<p>Adresse du PMS : Rue de Dinant 39,\u00a0 1000 Bruxelles<\/p>\n<p>T\u00e9l\u00e9phone : 02\/511.13.47<\/p>\n<p>Mail : <a href=\"mailto:lespresverts@cpmslibrebxln.be\">lespresverts@cpmslibrebxln.be<\/a><\/p>\n<p><a href=\"https:\/\/www.pmsbxl2n.be\/\">https:\/\/www.pmsbxl2n.be\/<\/a><\/p>\n<p><em>Alexandra Lusson &#8211; psychologue &amp; <\/em><em>C\u00e9cile Zwaenepoel &#8211; assistante sociale<\/em><\/p>\n<p><strong>\u2666 Logop\u00e8des de l&#8217;\u00e9cole<\/strong><\/p>\n<ul>\n<li><em>Mlle Marion Dutour<\/em><\/li>\n<\/ul>\n<p>T\u00e9l\u00e9phone : 0489\/15.48.61<\/p>\n<p>Mail : marion.dutour@gmail.com<\/p>\n<ul>\n<li style=\"list-style-type: none;\">\n<ul>\n<li><em><em>Mlle Glushakova Kristina<\/em><\/em><\/li>\n<\/ul>\n<\/li>\n<\/ul>\n<p>T\u00e9l\u00e9phone : <em style=\"font-size: 1rem;\">0484\/55.45.28<\/em><\/p>\n<p>Mail : glushakovakris@gmail.com<\/p>\n<p>&nbsp;<\/p>\n<p>&nbsp;<\/p>\n<p>&nbsp;<\/p>\n<p>&nbsp;<\/p>\n","protected":false},"excerpt":{"rendered":"<p>Qui sommes-nous ? L\u2019\u00e9cole fondamentale Les Pr\u00e9s Verts est organis\u00e9e par l\u2019A.S.B.L Comit\u00e9 Scolaire Notre-Dame de Lourdes dont le si\u00e8ge est situ\u00e9 Rue L\u00e9opold Ier 362 \u00e0 1090 Jette. Il s\u2019agit d\u2019une \u00e9cole familiale et fondamentale, elle se compose d\u2019une section maternelle et d\u2019une section primaire. Depuis septembre 2022, notre \u00e9cole est devenue une \u00e9cole &hellip; <\/p>\n<p class=\"link-more\"><a href=\"https:\/\/presverts.ovh\/?page_id=3383\" class=\"more-link\">Continuer la lecture<span class=\"screen-reader-text\"> de &laquo;&nbsp;Contact&nbsp;&raquo;<\/span><\/a><\/p>\n","protected":false},"author":3,"featured_media":0,"parent":0,"menu_order":0,"comment_status":"closed","ping_status":"closed","template":"","meta":[],"_links":{"self":[{"href":"https:\/\/presverts.ovh\/index.php?rest_route=\/wp\/v2\/pages\/3383"}],"collection":[{"href":"https:\/\/presverts.ovh\/index.php?rest_route=\/wp\/v2\/pages"}],"about":[{"href":"https:\/\/presverts.ovh\/index.php?rest_route=\/wp\/v2\/types\/page"}],"author":[{"embeddable":true,"href":"https:\/\/presverts.ovh\/index.php?rest_route=\/wp\/v2\/users\/3"}],"replies":[{"embeddable":true,"href":"https:\/\/presverts.ovh\/index.php?rest_route=%2Fwp%2Fv2%2Fcomments&post=3383"}],"version-history":[{"count":19,"href":"https:\/\/presverts.ovh\/index.php?rest_route=\/wp\/v2\/pages\/3383\/revisions"}],"predecessor-version":[{"id":27494,"href":"https:\/\/presverts.ovh\/index.php?rest_route=\/wp\/v2\/pages\/3383\/revisions\/27494"}],"wp:attachment":[{"href":"https:\/\/presverts.ovh\/index.php?rest_route=%2Fwp%2Fv2%2Fmedia&parent=3383"}],"curies":[{"name":"wp","href":"https:\/\/api.w.org\/{rel}","templated":true}]}}