{"id":3538,"date":"2020-10-25T20:26:39","date_gmt":"2020-10-25T19:26:39","guid":{"rendered":"https:\/\/presverts.ovh\/?page_id=3538"},"modified":"2025-08-04T18:50:14","modified_gmt":"2025-08-04T16:50:14","slug":"inscriptions","status":"publish","type":"page","link":"https:\/\/presverts.ovh\/?page_id=3538","title":{"rendered":"Inscriptions"},"content":{"rendered":"<table style=\"width: 100%; height: 28px;\" border=\"1\" width=\"100%\" cellspacing=\"1\" cellpadding=\"1\">\n<tbody>\n<tr style=\"height: 28px;\">\n<td style=\"height: 28px;\">\n<div align=\"center\">\n<p style=\"text-align: center;\"><span style=\"font-size: 14pt; font-family: 'book antiqua', palatino, serif;\">Modalit\u00e9s d&#8217;inscription pour la rentr\u00e9e 2026-2027<\/span><\/p>\n<\/div>\n<\/td>\n<\/tr>\n<\/tbody>\n<\/table>\n<p><span style=\"font-family: 'book antiqua', palatino, serif; font-size: 12pt;\">La journ\u00e9e d&#8217;inscription pour la rentr\u00e9e prochaine est pr\u00e9vue le premier lundi apr\u00e8s les vacances de Toussaint \u00e0 savoir le lundi 3 novembre 2025.<\/span><\/p>\n<p><span style=\"font-family: 'book antiqua', palatino, serif; font-size: 12pt;\">Vous \u00eates donc invit\u00e9s \u00e0 t\u00e9l\u00e9phoner au <span style=\"color: #0000ff;\">02\/478.28.38<\/span> et ce <span style=\"color: #0000ff;\">\u00e0 partir de 8h30.\u00a0<\/span><br \/>\n<\/span><span style=\"font-family: 'book antiqua', palatino, serif;\">Au plaisir de vous entendre.<\/span><\/p>\n<p style=\"text-align: center;\"><img loading=\"lazy\" class=\"\" src=\"https:\/\/encrypted-tbn0.gstatic.com\/images?q=tbn%3AANd9GcSUMxh8WbTwnUPu_NzwKk3ve1pZx8gGfZG6qg&amp;usqp=CAU\" alt=\"Ath\u00e9n\u00e9e Royal de Welkenraedt | Section secondaire \u2013 Archives 2014-2015\" width=\"230\" height=\"159\" \/><\/p>\n","protected":false},"excerpt":{"rendered":"<p>Modalit\u00e9s d&#8217;inscription pour la rentr\u00e9e 2026-2027 La journ\u00e9e d&#8217;inscription pour la rentr\u00e9e prochaine est pr\u00e9vue le premier lundi apr\u00e8s les vacances de Toussaint \u00e0 savoir le lundi 3 novembre 2025. Vous \u00eates donc invit\u00e9s \u00e0 t\u00e9l\u00e9phoner au 02\/478.28.38 et ce \u00e0 partir de 8h30.\u00a0 Au plaisir de vous entendre.<\/p>\n","protected":false},"author":3,"featured_media":0,"parent":0,"menu_order":0,"comment_status":"closed","ping_status":"closed","template":"","meta":[],"_links":{"self":[{"href":"https:\/\/presverts.ovh\/index.php?rest_route=\/wp\/v2\/pages\/3538"}],"collection":[{"href":"https:\/\/presverts.ovh\/index.php?rest_route=\/wp\/v2\/pages"}],"about":[{"href":"https:\/\/presverts.ovh\/index.php?rest_route=\/wp\/v2\/types\/page"}],"author":[{"embeddable":true,"href":"https:\/\/presverts.ovh\/index.php?rest_route=\/wp\/v2\/users\/3"}],"replies":[{"embeddable":true,"href":"https:\/\/presverts.ovh\/index.php?rest_route=%2Fwp%2Fv2%2Fcomments&post=3538"}],"version-history":[{"count":14,"href":"https:\/\/presverts.ovh\/index.php?rest_route=\/wp\/v2\/pages\/3538\/revisions"}],"predecessor-version":[{"id":27490,"href":"https:\/\/presverts.ovh\/index.php?rest_route=\/wp\/v2\/pages\/3538\/revisions\/27490"}],"wp:attachment":[{"href":"https:\/\/presverts.ovh\/index.php?rest_route=%2Fwp%2Fv2%2Fmedia&parent=3538"}],"curies":[{"name":"wp","href":"https:\/\/api.w.org\/{rel}","templated":true}]}}