{"id":4890,"date":"2021-01-05T18:34:29","date_gmt":"2021-01-05T17:34:29","guid":{"rendered":"https:\/\/presverts.ovh\/?page_id=4890"},"modified":"2024-10-09T15:19:01","modified_gmt":"2024-10-09T13:19:01","slug":"vive-la-langue-francaise","status":"publish","type":"page","link":"https:\/\/presverts.ovh\/?page_id=4890","title":{"rendered":"Vive la langue fran\u00e7aise"},"content":{"rendered":"<p><span style=\"color: #99cc00;\"><strong>Ann\u00e9e 2024-2025<\/strong><\/span><\/p>\n<p><a href=\"https:\/\/presverts.ovh\/wp-content\/uploads\/2024\/10\/NEWSLETTER-PMS-respiration-buccale.pdf\"><img loading=\"lazy\" class=\"alignnone size-medium wp-image-25989 thumb-of-pdf\" src=\"https:\/\/presverts.ovh\/wp-content\/uploads\/2024\/10\/NEWSLETTER-PMS-respiration-buccale-pdf-212x300.jpg\" alt=\"thumbnail of NEWSLETTER PMS respiration buccale\" width=\"212\" height=\"300\" srcset=\"https:\/\/presverts.ovh\/wp-content\/uploads\/2024\/10\/NEWSLETTER-PMS-respiration-buccale-pdf-212x300.jpg 212w, https:\/\/presverts.ovh\/wp-content\/uploads\/2024\/10\/NEWSLETTER-PMS-respiration-buccale-pdf.jpg 724w\" sizes=\"(max-width: 212px) 100vw, 212px\" \/><\/a><\/p>\n<p><a href=\"https:\/\/presverts.ovh\/wp-content\/uploads\/2024\/10\/NEWSLETTER-PMS-langue-maternelle.pdf\"><img loading=\"lazy\" class=\"alignnone size-medium wp-image-25987 thumb-of-pdf\" src=\"https:\/\/presverts.ovh\/wp-content\/uploads\/2024\/10\/NEWSLETTER-PMS-langue-maternelle-pdf-212x300.jpg\" alt=\"thumbnail of NEWSLETTER PMS langue maternelle\" width=\"212\" height=\"300\" srcset=\"https:\/\/presverts.ovh\/wp-content\/uploads\/2024\/10\/NEWSLETTER-PMS-langue-maternelle-pdf-212x300.jpg 212w, https:\/\/presverts.ovh\/wp-content\/uploads\/2024\/10\/NEWSLETTER-PMS-langue-maternelle-pdf.jpg 724w\" sizes=\"(max-width: 212px) 100vw, 212px\" \/><\/a><\/p>\n<p><span style=\"color: #99cc00;\"><strong>Ann\u00e9e 2022-2023<\/strong><\/span><\/p>\n<p><a href=\"https:\/\/presverts.ovh\/wp-content\/uploads\/2022\/10\/Feliciter-les-progres-et-les-efforts-de-lenfant-copie.pdf\"><img loading=\"lazy\" class=\"alignnone size-medium wp-image-13202 thumb-of-pdf\" src=\"https:\/\/presverts.ovh\/wp-content\/uploads\/2022\/10\/Feliciter-les-progres-et-les-efforts-de-lenfant-copie-pdf-212x300.jpg\" alt=\"thumbnail of F\u00e9liciter les progr\u00e8s et les efforts de l\u2019enfant copie\" width=\"212\" height=\"300\" srcset=\"https:\/\/presverts.ovh\/wp-content\/uploads\/2022\/10\/Feliciter-les-progres-et-les-efforts-de-lenfant-copie-pdf-212x300.jpg 212w, https:\/\/presverts.ovh\/wp-content\/uploads\/2022\/10\/Feliciter-les-progres-et-les-efforts-de-lenfant-copie-pdf.jpg 723w\" sizes=\"(max-width: 212px) 100vw, 212px\" \/><\/a><\/p>\n<p>&nbsp;<\/p>\n<p><strong><span style=\"color: #99cc00;\">Autres ann\u00e9es<\/span><\/strong><\/p>\n<p><a href=\"https:\/\/presverts.ovh\/wp-content\/uploads\/2021\/01\/parlons-en-introduction-.pdf\"><img loading=\"lazy\" class=\"alignnone size-medium wp-image-4888 thumb-of-pdf\" src=\"https:\/\/presverts.ovh\/wp-content\/uploads\/2021\/01\/parlons-en-introduction-pdf-212x300.jpg\" alt=\"thumbnail of parlons en introduction\" width=\"212\" height=\"300\" srcset=\"https:\/\/presverts.ovh\/wp-content\/uploads\/2021\/01\/parlons-en-introduction-pdf-212x300.jpg 212w, https:\/\/presverts.ovh\/wp-content\/uploads\/2021\/01\/parlons-en-introduction-pdf.jpg 724w\" sizes=\"(max-width: 212px) 100vw, 212px\" \/><\/a><\/p>\n<p><a href=\"https:\/\/presverts.ovh\/wp-content\/uploads\/2021\/01\/parlons-en-bilinguisme.pdf\"><img loading=\"lazy\" class=\"alignnone size-medium wp-image-4886 thumb-of-pdf\" src=\"https:\/\/presverts.ovh\/wp-content\/uploads\/2021\/01\/parlons-en-bilinguisme-pdf-212x300.jpg\" alt=\"thumbnail of parlons en bilinguisme\" width=\"212\" height=\"300\" srcset=\"https:\/\/presverts.ovh\/wp-content\/uploads\/2021\/01\/parlons-en-bilinguisme-pdf-212x300.jpg 212w, https:\/\/presverts.ovh\/wp-content\/uploads\/2021\/01\/parlons-en-bilinguisme-pdf.jpg 723w\" sizes=\"(max-width: 212px) 100vw, 212px\" \/><\/a><\/p>\n<p><a href=\"https:\/\/presverts.ovh\/wp-content\/uploads\/2021\/01\/Se-mettre-a\u0300-la-hauteur-de-son-enfant-.pdf\"><img loading=\"lazy\" class=\"alignnone size-medium wp-image-5101 thumb-of-pdf\" src=\"https:\/\/presverts.ovh\/wp-content\/uploads\/2021\/01\/Se-mettre-a\u0300-la-hauteur-de-son-enfant-pdf-212x300.jpg\" alt=\"thumbnail of Se mettre a\u0300 la hauteur de son enfant\" width=\"212\" height=\"300\" srcset=\"https:\/\/presverts.ovh\/wp-content\/uploads\/2021\/01\/Se-mettre-a\u0300-la-hauteur-de-son-enfant-pdf-212x300.jpg 212w, https:\/\/presverts.ovh\/wp-content\/uploads\/2021\/01\/Se-mettre-a\u0300-la-hauteur-de-son-enfant-pdf.jpg 723w\" sizes=\"(max-width: 212px) 100vw, 212px\" \/><\/a><\/p>\n<p><a href=\"https:\/\/presverts.ovh\/wp-content\/uploads\/2021\/02\/Suivre-les-inte\u0301re\u0302ts-de-lenfant2305843009243315583.pdf\"><img loading=\"lazy\" class=\"alignnone size-medium wp-image-5105 thumb-of-pdf\" src=\"https:\/\/presverts.ovh\/wp-content\/uploads\/2021\/02\/Suivre-les-inte\u0301re\u0302ts-de-lenfant2305843009243315583-pdf-212x300.jpg\" alt=\"thumbnail of Suivre les inte\u0301re\u0302ts de l\u2019enfant[2305843009243315583]\" width=\"212\" height=\"300\" srcset=\"https:\/\/presverts.ovh\/wp-content\/uploads\/2021\/02\/Suivre-les-inte\u0301re\u0302ts-de-lenfant2305843009243315583-pdf-212x300.jpg 212w, https:\/\/presverts.ovh\/wp-content\/uploads\/2021\/02\/Suivre-les-inte\u0301re\u0302ts-de-lenfant2305843009243315583-pdf.jpg 723w\" sizes=\"(max-width: 212px) 100vw, 212px\" \/><\/a><\/p>\n<p><a href=\"https:\/\/presverts.ovh\/wp-content\/uploads\/2021\/02\/Parler-avec-des-mots-et-des-phrases-dadulte.pdf\"><img loading=\"lazy\" class=\"alignnone size-medium wp-image-5108 thumb-of-pdf\" src=\"https:\/\/presverts.ovh\/wp-content\/uploads\/2021\/02\/Parler-avec-des-mots-et-des-phrases-dadulte-pdf-212x300.jpg\" alt=\"thumbnail of Parler avec des mots et des phrases d\u2019adulte\" width=\"212\" height=\"300\" srcset=\"https:\/\/presverts.ovh\/wp-content\/uploads\/2021\/02\/Parler-avec-des-mots-et-des-phrases-dadulte-pdf-212x300.jpg 212w, https:\/\/presverts.ovh\/wp-content\/uploads\/2021\/02\/Parler-avec-des-mots-et-des-phrases-dadulte-pdf.jpg 723w\" sizes=\"(max-width: 212px) 100vw, 212px\" \/><\/a><\/p>\n<p><a href=\"https:\/\/presverts.ovh\/wp-content\/uploads\/2021\/02\/Utiliser-des-phrases-et-voc-varie\u0301s.pdf\"><img loading=\"lazy\" class=\"alignnone size-medium wp-image-5300 thumb-of-pdf\" src=\"https:\/\/presverts.ovh\/wp-content\/uploads\/2021\/02\/Utiliser-des-phrases-et-voc-varie\u0301s-pdf-212x300.jpg\" alt=\"thumbnail of Utiliser des phrases et voc varie\u0301s\" width=\"212\" height=\"300\" srcset=\"https:\/\/presverts.ovh\/wp-content\/uploads\/2021\/02\/Utiliser-des-phrases-et-voc-varie\u0301s-pdf-212x300.jpg 212w, https:\/\/presverts.ovh\/wp-content\/uploads\/2021\/02\/Utiliser-des-phrases-et-voc-varie\u0301s-pdf.jpg 723w\" sizes=\"(max-width: 212px) 100vw, 212px\" \/><\/a><\/p>\n<p><a href=\"https:\/\/presverts.ovh\/wp-content\/uploads\/2021\/03\/Reformuler-sans-demander-de-re\u0301pe\u0301ter.pdf\"><img loading=\"lazy\" class=\"alignnone size-medium wp-image-5303 thumb-of-pdf\" src=\"https:\/\/presverts.ovh\/wp-content\/uploads\/2021\/03\/Reformuler-sans-demander-de-re\u0301pe\u0301ter-pdf-212x300.jpg\" alt=\"thumbnail of Reformuler sans demander de re\u0301pe\u0301ter\" width=\"212\" height=\"300\" srcset=\"https:\/\/presverts.ovh\/wp-content\/uploads\/2021\/03\/Reformuler-sans-demander-de-re\u0301pe\u0301ter-pdf-212x300.jpg 212w, https:\/\/presverts.ovh\/wp-content\/uploads\/2021\/03\/Reformuler-sans-demander-de-re\u0301pe\u0301ter-pdf.jpg 723w\" sizes=\"(max-width: 212px) 100vw, 212px\" \/><\/a><\/p>\n<table style=\"width: 100%; border-collapse: collapse;\">\n<tbody>\n<tr>\n<td style=\"width: 100%; text-align: center;\"><a href=\"https:\/\/presverts.ovh\/wp-content\/uploads\/2021\/03\/Reprendre-les-phrases-de-lenfant.pdf\"><img loading=\"lazy\" class=\"size-medium wp-image-5439 thumb-of-pdf alignleft\" src=\"https:\/\/presverts.ovh\/wp-content\/uploads\/2021\/03\/Reprendre-les-phrases-de-lenfant-pdf-212x300.jpg\" alt=\"thumbnail of Reprendre les phrases de l\u2019enfant\" width=\"212\" height=\"300\" srcset=\"https:\/\/presverts.ovh\/wp-content\/uploads\/2021\/03\/Reprendre-les-phrases-de-lenfant-pdf-212x300.jpg 212w, https:\/\/presverts.ovh\/wp-content\/uploads\/2021\/03\/Reprendre-les-phrases-de-lenfant-pdf.jpg 723w\" sizes=\"(max-width: 212px) 100vw, 212px\" \/><\/a><\/td>\n<\/tr>\n<\/tbody>\n<\/table>\n<p><a href=\"https:\/\/presverts.ovh\/wp-content\/uploads\/2021\/03\/Fe\u0301liciter-les-progre\u0300s-et-les-efforts-de-lenfant.pdf\"><img loading=\"lazy\" class=\"alignnone size-medium wp-image-5443 thumb-of-pdf\" src=\"https:\/\/presverts.ovh\/wp-content\/uploads\/2021\/03\/Fe\u0301liciter-les-progre\u0300s-et-les-efforts-de-lenfant-pdf-212x300.jpg\" alt=\"thumbnail of Fe\u0301liciter les progre\u0300s et les efforts de l\u2019enfant\" width=\"212\" height=\"300\" srcset=\"https:\/\/presverts.ovh\/wp-content\/uploads\/2021\/03\/Fe\u0301liciter-les-progre\u0300s-et-les-efforts-de-lenfant-pdf-212x300.jpg 212w, https:\/\/presverts.ovh\/wp-content\/uploads\/2021\/03\/Fe\u0301liciter-les-progre\u0300s-et-les-efforts-de-lenfant-pdf.jpg 723w\" sizes=\"(max-width: 212px) 100vw, 212px\" \/><\/a><\/p>\n<table style=\"width: 100%; border-collapse: collapse;\">\n<tbody>\n<tr>\n<td style=\"width: 100%; text-align: center;\"><a href=\"https:\/\/presverts.ovh\/wp-content\/uploads\/2021\/04\/Evitez-de-poser-trop-de-questions.pdf\"><img loading=\"lazy\" class=\"size-medium wp-image-5780 thumb-of-pdf alignleft\" src=\"https:\/\/presverts.ovh\/wp-content\/uploads\/2021\/04\/Evitez-de-poser-trop-de-questions-pdf-212x300.jpg\" alt=\"thumbnail of Evitez de poser trop de questions\" width=\"212\" height=\"300\" srcset=\"https:\/\/presverts.ovh\/wp-content\/uploads\/2021\/04\/Evitez-de-poser-trop-de-questions-pdf-212x300.jpg 212w, https:\/\/presverts.ovh\/wp-content\/uploads\/2021\/04\/Evitez-de-poser-trop-de-questions-pdf.jpg 723w\" sizes=\"(max-width: 212px) 100vw, 212px\" \/><\/a><\/td>\n<\/tr>\n<\/tbody>\n<\/table>\n<p><a href=\"https:\/\/presverts.ovh\/wp-content\/uploads\/2021\/05\/Donnez-un-choix-de-mots.pdf\"><img loading=\"lazy\" class=\"alignnone size-medium wp-image-5825 thumb-of-pdf\" src=\"https:\/\/presverts.ovh\/wp-content\/uploads\/2021\/05\/Donnez-un-choix-de-mots-pdf-212x300.jpg\" alt=\"thumbnail of Donnez un choix de mots\" width=\"212\" height=\"300\" srcset=\"https:\/\/presverts.ovh\/wp-content\/uploads\/2021\/05\/Donnez-un-choix-de-mots-pdf-212x300.jpg 212w, https:\/\/presverts.ovh\/wp-content\/uploads\/2021\/05\/Donnez-un-choix-de-mots-pdf.jpg 723w\" sizes=\"(max-width: 212px) 100vw, 212px\" \/><\/a><\/p>\n<p><a href=\"https:\/\/presverts.ovh\/wp-content\/uploads\/2021\/05\/10-Lire-des-histoires-avec-mon-enfant.pdf\"><img loading=\"lazy\" class=\"alignnone size-medium wp-image-5945 thumb-of-pdf\" src=\"https:\/\/presverts.ovh\/wp-content\/uploads\/2021\/05\/10-Lire-des-histoires-avec-mon-enfant-pdf-212x300.jpg\" alt=\"thumbnail of 10 Lire des histoires avec mon enfant\" width=\"212\" height=\"300\" srcset=\"https:\/\/presverts.ovh\/wp-content\/uploads\/2021\/05\/10-Lire-des-histoires-avec-mon-enfant-pdf-212x300.jpg 212w, https:\/\/presverts.ovh\/wp-content\/uploads\/2021\/05\/10-Lire-des-histoires-avec-mon-enfant-pdf.jpg 723w\" sizes=\"(max-width: 212px) 100vw, 212px\" \/><\/a><\/p>\n<p><a href=\"https:\/\/presverts.ovh\/wp-content\/uploads\/2021\/06\/Limportance-de-lire-des-livres-me\u0302me-dans-la-langue-maternelle-ind.pdf\"><img loading=\"lazy\" class=\"alignnone size-medium wp-image-6070 thumb-of-pdf\" src=\"https:\/\/presverts.ovh\/wp-content\/uploads\/2021\/06\/Limportance-de-lire-des-livres-me\u0302me-dans-la-langue-maternelle-ind-pdf-212x300.jpg\" alt=\"thumbnail of L\u2019importance de lire des livres, me\u0302me dans la langue maternelle ind\" width=\"212\" height=\"300\" srcset=\"https:\/\/presverts.ovh\/wp-content\/uploads\/2021\/06\/Limportance-de-lire-des-livres-me\u0302me-dans-la-langue-maternelle-ind-pdf-212x300.jpg 212w, https:\/\/presverts.ovh\/wp-content\/uploads\/2021\/06\/Limportance-de-lire-des-livres-me\u0302me-dans-la-langue-maternelle-ind-pdf.jpg 723w\" sizes=\"(max-width: 212px) 100vw, 212px\" \/><\/a><\/p>\n<p><a href=\"https:\/\/presverts.ovh\/wp-content\/uploads\/2021\/06\/12.-Les-chansons-comptines-pour-apprendre-encore-plus-vite-des-nouveaux-mots.pdf\"><img loading=\"lazy\" class=\"alignnone size-medium wp-image-6129 thumb-of-pdf\" src=\"https:\/\/presverts.ovh\/wp-content\/uploads\/2021\/06\/12.-Les-chansons-comptines-pour-apprendre-encore-plus-vite-des-nouveaux-mots-pdf-212x300.jpg\" alt=\"thumbnail of 12. Les chansons, comptines, pour apprendre encore plus vite des nouveaux mots\" width=\"212\" height=\"300\" srcset=\"https:\/\/presverts.ovh\/wp-content\/uploads\/2021\/06\/12.-Les-chansons-comptines-pour-apprendre-encore-plus-vite-des-nouveaux-mots-pdf-212x300.jpg 212w, https:\/\/presverts.ovh\/wp-content\/uploads\/2021\/06\/12.-Les-chansons-comptines-pour-apprendre-encore-plus-vite-des-nouveaux-mots-pdf.jpg 723w\" sizes=\"(max-width: 212px) 100vw, 212px\" \/><\/a><\/p>\n<p><a href=\"https:\/\/presverts.ovh\/wp-content\/uploads\/2021\/11\/Les-ecrans-et-les-jeunes-enfants.pdf\"><img loading=\"lazy\" class=\"alignnone size-medium wp-image-7083 thumb-of-pdf\" src=\"https:\/\/presverts.ovh\/wp-content\/uploads\/2021\/11\/Les-ecrans-et-les-jeunes-enfants-pdf-212x300.jpg\" alt=\"thumbnail of Les \u00e9crans et les jeunes enfants\" width=\"212\" height=\"300\" srcset=\"https:\/\/presverts.ovh\/wp-content\/uploads\/2021\/11\/Les-ecrans-et-les-jeunes-enfants-pdf-212x300.jpg 212w, https:\/\/presverts.ovh\/wp-content\/uploads\/2021\/11\/Les-ecrans-et-les-jeunes-enfants-pdf.jpg 723w\" sizes=\"(max-width: 212px) 100vw, 212px\" \/><\/a><\/p>\n<p><a href=\"https:\/\/presverts.ovh\/wp-content\/uploads\/2021\/11\/Se-mettre-a-la-hauteur-de-son-enfant.pdf\"><img loading=\"lazy\" class=\"alignnone size-medium wp-image-7085 thumb-of-pdf\" src=\"https:\/\/presverts.ovh\/wp-content\/uploads\/2021\/11\/Se-mettre-a-la-hauteur-de-son-enfant-pdf-212x300.jpg\" alt=\"thumbnail of Se mettre \u00e0 la hauteur de son enfant\" width=\"212\" height=\"300\" srcset=\"https:\/\/presverts.ovh\/wp-content\/uploads\/2021\/11\/Se-mettre-a-la-hauteur-de-son-enfant-pdf-212x300.jpg 212w, https:\/\/presverts.ovh\/wp-content\/uploads\/2021\/11\/Se-mettre-a-la-hauteur-de-son-enfant-pdf.jpg 723w\" sizes=\"(max-width: 212px) 100vw, 212px\" \/><\/a><\/p>\n<p><a href=\"https:\/\/presverts.ovh\/wp-content\/uploads\/2021\/11\/Suivre-les-interets-de-lenfant.pdf\"><img loading=\"lazy\" class=\"alignnone size-medium wp-image-8165 thumb-of-pdf\" src=\"https:\/\/presverts.ovh\/wp-content\/uploads\/2021\/11\/Suivre-les-interets-de-lenfant-pdf-212x300.jpg\" alt=\"thumbnail of Suivre les int\u00e9r\u00eats de l\u2019enfant\" width=\"212\" height=\"300\" srcset=\"https:\/\/presverts.ovh\/wp-content\/uploads\/2021\/11\/Suivre-les-interets-de-lenfant-pdf-212x300.jpg 212w, https:\/\/presverts.ovh\/wp-content\/uploads\/2021\/11\/Suivre-les-interets-de-lenfant-pdf.jpg 723w\" sizes=\"(max-width: 212px) 100vw, 212px\" \/><\/a><\/p>\n<p><a href=\"https:\/\/presverts.ovh\/wp-content\/uploads\/2021\/12\/Le-bilinguisme-une-ouverture-sur-le-monde.pdf\"><img loading=\"lazy\" class=\"alignnone size-medium wp-image-8384 thumb-of-pdf\" src=\"https:\/\/presverts.ovh\/wp-content\/uploads\/2021\/12\/Le-bilinguisme-une-ouverture-sur-le-monde-pdf-300x212.jpg\" alt=\"thumbnail of Le bilinguisme une ouverture sur le monde\" width=\"300\" height=\"212\" srcset=\"https:\/\/presverts.ovh\/wp-content\/uploads\/2021\/12\/Le-bilinguisme-une-ouverture-sur-le-monde-pdf-300x212.jpg 300w, https:\/\/presverts.ovh\/wp-content\/uploads\/2021\/12\/Le-bilinguisme-une-ouverture-sur-le-monde-pdf-768x542.jpg 768w, https:\/\/presverts.ovh\/wp-content\/uploads\/2021\/12\/Le-bilinguisme-une-ouverture-sur-le-monde-pdf.jpg 1024w\" sizes=\"(max-width: 300px) 100vw, 300px\" \/><\/a><\/p>\n<p><a href=\"https:\/\/presverts.ovh\/wp-content\/uploads\/2022\/01\/Jouer-avec-les-mots-pour-en-apprendre-de-nouveaux.pdf\"><img loading=\"lazy\" class=\"alignnone size-medium wp-image-8868 thumb-of-pdf\" src=\"https:\/\/presverts.ovh\/wp-content\/uploads\/2022\/01\/Jouer-avec-les-mots-pour-en-apprendre-de-nouveaux-pdf-212x300.jpg\" alt=\"thumbnail of Jouer avec les mots pour en apprendre de nouveaux\" width=\"212\" height=\"300\" srcset=\"https:\/\/presverts.ovh\/wp-content\/uploads\/2022\/01\/Jouer-avec-les-mots-pour-en-apprendre-de-nouveaux-pdf-212x300.jpg 212w, https:\/\/presverts.ovh\/wp-content\/uploads\/2022\/01\/Jouer-avec-les-mots-pour-en-apprendre-de-nouveaux-pdf.jpg 723w\" sizes=\"(max-width: 212px) 100vw, 212px\" \/><\/a><\/p>\n<p><a href=\"https:\/\/presverts.ovh\/wp-content\/uploads\/2022\/01\/Lire-des-histoires-avec-mon-enfant.pdf\"><img loading=\"lazy\" class=\"alignnone size-medium wp-image-8871 thumb-of-pdf\" src=\"https:\/\/presverts.ovh\/wp-content\/uploads\/2022\/01\/Lire-des-histoires-avec-mon-enfant-pdf-212x300.jpg\" alt=\"thumbnail of Lire des histoires avec mon enfant\" width=\"212\" height=\"300\" srcset=\"https:\/\/presverts.ovh\/wp-content\/uploads\/2022\/01\/Lire-des-histoires-avec-mon-enfant-pdf-212x300.jpg 212w, https:\/\/presverts.ovh\/wp-content\/uploads\/2022\/01\/Lire-des-histoires-avec-mon-enfant-pdf.jpg 723w\" sizes=\"(max-width: 212px) 100vw, 212px\" \/><\/a><\/p>\n<p><a href=\"https:\/\/presverts.ovh\/wp-content\/uploads\/2022\/02\/Parler-avec-des-mots-et-des-phrases-dadulte.pdf\"><img loading=\"lazy\" class=\"alignnone size-medium wp-image-9524 thumb-of-pdf\" src=\"https:\/\/presverts.ovh\/wp-content\/uploads\/2022\/02\/Parler-avec-des-mots-et-des-phrases-dadulte-pdf-212x300.jpg\" alt=\"thumbnail of Parler avec des mots et des phrases d\u2019adulte\" width=\"212\" height=\"300\" srcset=\"https:\/\/presverts.ovh\/wp-content\/uploads\/2022\/02\/Parler-avec-des-mots-et-des-phrases-dadulte-pdf-212x300.jpg 212w, https:\/\/presverts.ovh\/wp-content\/uploads\/2022\/02\/Parler-avec-des-mots-et-des-phrases-dadulte-pdf.jpg 723w\" sizes=\"(max-width: 212px) 100vw, 212px\" \/><\/a><\/p>\n<p><a href=\"https:\/\/presverts.ovh\/wp-content\/uploads\/2022\/02\/Utiliser-des-phrases-et-voc-varies.pdf\"><img loading=\"lazy\" class=\"alignnone size-medium wp-image-9527 thumb-of-pdf\" src=\"https:\/\/presverts.ovh\/wp-content\/uploads\/2022\/02\/Utiliser-des-phrases-et-voc-varies-pdf-212x300.jpg\" alt=\"thumbnail of Utiliser des phrases et voc vari\u00e9s\" width=\"212\" height=\"300\" srcset=\"https:\/\/presverts.ovh\/wp-content\/uploads\/2022\/02\/Utiliser-des-phrases-et-voc-varies-pdf-212x300.jpg 212w, https:\/\/presverts.ovh\/wp-content\/uploads\/2022\/02\/Utiliser-des-phrases-et-voc-varies-pdf.jpg 723w\" sizes=\"(max-width: 212px) 100vw, 212px\" \/><\/a><\/p>\n<p><a href=\"https:\/\/presverts.ovh\/wp-content\/uploads\/2022\/03\/Limportance-de-lire-des-livres.pdf\"><img loading=\"lazy\" class=\"alignnone size-medium wp-image-9535 thumb-of-pdf\" src=\"https:\/\/presverts.ovh\/wp-content\/uploads\/2022\/03\/Limportance-de-lire-des-livres-pdf-212x300.jpg\" alt=\"thumbnail of L\u2019importance de lire des livres\" width=\"212\" height=\"300\" srcset=\"https:\/\/presverts.ovh\/wp-content\/uploads\/2022\/03\/Limportance-de-lire-des-livres-pdf-212x300.jpg 212w, https:\/\/presverts.ovh\/wp-content\/uploads\/2022\/03\/Limportance-de-lire-des-livres-pdf.jpg 723w\" sizes=\"(max-width: 212px) 100vw, 212px\" \/><\/a><\/p>\n<p><a href=\"https:\/\/presverts.ovh\/wp-content\/uploads\/2022\/04\/Les-chansons-comptines-pour-parler-encore-mieux-ss-lien.pdf\"><img loading=\"lazy\" class=\"alignnone size-medium wp-image-9541 thumb-of-pdf\" src=\"https:\/\/presverts.ovh\/wp-content\/uploads\/2022\/04\/Les-chansons-comptines-pour-parler-encore-mieux-ss-lien-pdf-212x300.jpg\" alt=\"thumbnail of Les chansons, comptines, pour parler encore mieux (ss lien)\" width=\"212\" height=\"300\" srcset=\"https:\/\/presverts.ovh\/wp-content\/uploads\/2022\/04\/Les-chansons-comptines-pour-parler-encore-mieux-ss-lien-pdf-212x300.jpg 212w, https:\/\/presverts.ovh\/wp-content\/uploads\/2022\/04\/Les-chansons-comptines-pour-parler-encore-mieux-ss-lien-pdf.jpg 723w\" sizes=\"(max-width: 212px) 100vw, 212px\" \/><\/a><\/p>\n<p><a href=\"https:\/\/presverts.ovh\/wp-content\/uploads\/2022\/04\/les-enfants-et-les-jeux.pdf\"><img loading=\"lazy\" class=\"alignnone size-medium wp-image-9544 thumb-of-pdf\" src=\"https:\/\/presverts.ovh\/wp-content\/uploads\/2022\/04\/les-enfants-et-les-jeux-pdf-212x300.jpg\" alt=\"thumbnail of les enfants et les jeux\" width=\"212\" height=\"300\" srcset=\"https:\/\/presverts.ovh\/wp-content\/uploads\/2022\/04\/les-enfants-et-les-jeux-pdf-212x300.jpg 212w, https:\/\/presverts.ovh\/wp-content\/uploads\/2022\/04\/les-enfants-et-les-jeux-pdf.jpg 723w\" sizes=\"(max-width: 212px) 100vw, 212px\" \/><\/a><\/p>\n<p><a href=\"https:\/\/presverts.ovh\/wp-content\/uploads\/2022\/05\/cuisiner-avec-maman-et-papa.pdf\"><img loading=\"lazy\" class=\"alignnone size-medium wp-image-11020 thumb-of-pdf\" src=\"https:\/\/presverts.ovh\/wp-content\/uploads\/2022\/05\/cuisiner-avec-maman-et-papa-pdf-212x300.jpg\" alt=\"thumbnail of cuisiner avec maman et papa\" width=\"212\" height=\"300\" srcset=\"https:\/\/presverts.ovh\/wp-content\/uploads\/2022\/05\/cuisiner-avec-maman-et-papa-pdf-212x300.jpg 212w, https:\/\/presverts.ovh\/wp-content\/uploads\/2022\/05\/cuisiner-avec-maman-et-papa-pdf.jpg 723w\" sizes=\"(max-width: 212px) 100vw, 212px\" \/><\/a><\/p>\n","protected":false},"excerpt":{"rendered":"<p>Ann\u00e9e 2024-2025 Ann\u00e9e 2022-2023 &nbsp; Autres ann\u00e9es<\/p>\n","protected":false},"author":3,"featured_media":0,"parent":0,"menu_order":0,"comment_status":"closed","ping_status":"closed","template":"","meta":[],"_links":{"self":[{"href":"https:\/\/presverts.ovh\/index.php?rest_route=\/wp\/v2\/pages\/4890"}],"collection":[{"href":"https:\/\/presverts.ovh\/index.php?rest_route=\/wp\/v2\/pages"}],"about":[{"href":"https:\/\/presverts.ovh\/index.php?rest_route=\/wp\/v2\/types\/page"}],"author":[{"embeddable":true,"href":"https:\/\/presverts.ovh\/index.php?rest_route=\/wp\/v2\/users\/3"}],"replies":[{"embeddable":true,"href":"https:\/\/presverts.ovh\/index.php?rest_route=%2Fwp%2Fv2%2Fcomments&post=4890"}],"version-history":[{"count":34,"href":"https:\/\/presverts.ovh\/index.php?rest_route=\/wp\/v2\/pages\/4890\/revisions"}],"predecessor-version":[{"id":25992,"href":"https:\/\/presverts.ovh\/index.php?rest_route=\/wp\/v2\/pages\/4890\/revisions\/25992"}],"wp:attachment":[{"href":"https:\/\/presverts.ovh\/index.php?rest_route=%2Fwp%2Fv2%2Fmedia&parent=4890"}],"curies":[{"name":"wp","href":"https:\/\/api.w.org\/{rel}","templated":true}]}}